{"id":794,"date":"2018-06-25T08:36:52","date_gmt":"2018-06-25T08:36:52","guid":{"rendered":"https:\/\/radiustheme.com\/demo\/wordpress\/eventalk\/?page_id=794"},"modified":"2024-10-14T19:12:18","modified_gmt":"2024-10-14T19:12:18","slug":"call-for-posters","status":"publish","type":"page","link":"https:\/\/ciisdev.ulima.edu.pe\/en\/elements\/call-for-posters\/","title":{"rendered":"CALL FOR POSTERS"},"content":{"rendered":"<div data-elementor-type=\"wp-post\" data-elementor-id=\"794\" class=\"elementor elementor-794\">\n\t\t\t\t\t\t<section class=\"elementor-section elementor-top-section elementor-element elementor-element-5f1efe8 elementor-section-stretched elementor-section-boxed elementor-section-height-default elementor-section-height-default\" data-id=\"5f1efe8\" data-element_type=\"section\" data-e-type=\"section\" data-settings=\"{&quot;stretch_section&quot;:&quot;section-stretched&quot;}\">\n\t\t\t\t\t\t<div class=\"elementor-container elementor-column-gap-default\">\n\t\t\t\t\t<div class=\"elementor-column elementor-col-100 elementor-top-column elementor-element elementor-element-0b32930\" data-id=\"0b32930\" data-element_type=\"column\" data-e-type=\"column\">\n\t\t\t<div class=\"elementor-widget-wrap elementor-element-populated\">\n\t\t\t\t\t\t<div class=\"elementor-element elementor-element-0668aea elementor-widget elementor-widget-text-editor\" data-id=\"0668aea\" data-element_type=\"widget\" data-e-type=\"widget\" data-widget_type=\"text-editor.default\">\n\t\t\t\t<div class=\"elementor-widget-container\">\n\t\t\t\t\t\t\t\t\t<p><span style=\"font-weight: 400;\">The CIIS 2024 organizing committee invites researchers, professionals and students to submit works in progress as posters with the aim of giving participants and the scientific community an opportunity to learn about their research proposals.<\/span><\/p><p><span style=\"font-weight: 400;\">The selected posters will be presented during the poster session of CIIS 2024, prior coordination with the organizing committee. CIIS 2024 will be held in a hybrid format.<\/span><\/p>\t\t\t\t\t\t\t\t<\/div>\n\t\t\t\t<\/div>\n\t\t\t\t\t<\/div>\n\t\t<\/div>\n\t\t\t\t\t<\/div>\n\t\t<\/section>\n\t\t\t\t<div class=\"elementor-section elementor-top-section elementor-element elementor-element-d31fd31 elementor-section-stretched elementor-section-boxed elementor-section-height-default elementor-section-height-default\" data-id=\"d31fd31\" data-element_type=\"section\" data-e-type=\"section\" data-settings=\"{&quot;stretch_section&quot;:&quot;section-stretched&quot;}\">\n\t\t\t\t\t\t<div class=\"elementor-container elementor-column-gap-default\">\n\t\t\t\t\t<div class=\"elementor-column elementor-col-100 elementor-top-column elementor-element elementor-element-b230d1a\" data-id=\"b230d1a\" data-element_type=\"column\" data-e-type=\"column\">\n\t\t\t<div class=\"elementor-widget-wrap elementor-element-populated\">\n\t\t\t\t\t\t<div class=\"elementor-element elementor-element-6b05521 elementor-widget elementor-widget-text-editor\" data-id=\"6b05521\" data-element_type=\"widget\" data-e-type=\"widget\" data-widget_type=\"text-editor.default\">\n\t\t\t\t<div class=\"elementor-widget-container\">\n\t\t\t\t\t\t\t\t\t<p><b>Important Dates<\/b><br \/><span style=\"font-weight: 400;\">Poster submission deadline: <b><span style=\"color: #ff0000;\"><del>September 9th<\/del><\/span><\/b><\/span><br \/><span style=\"font-weight: 400;\">\u00a0<\/span><span style=\"font-weight: 400;\">Review committee\u2019s notification of poster acceptance and comments deadline:<\/span><strong> <span style=\"color: #ff0000;\"><del>September 30th<\/del><\/span><\/strong><br \/><span style=\"font-weight: 400;\">\u00a0<\/span><span style=\"font-weight: 400;\">Final poster submission deadline: <strong><span style=\"color: #ff0000;\"><del>October 7th<\/del><\/span><\/strong><\/span><\/p>\t\t\t\t\t\t\t\t<\/div>\n\t\t\t\t<\/div>\n\t\t\t\t<div class=\"elementor-element elementor-element-a5e8f4f elementor-widget elementor-widget-text-editor\" data-id=\"a5e8f4f\" data-element_type=\"widget\" data-e-type=\"widget\" data-widget_type=\"text-editor.default\">\n\t\t\t\t<div class=\"elementor-widget-container\">\n\t\t\t\t\t\t\t\t\t<div><b>Author Guidelines<\/b><\/div>\n<ul>\n \t<li>Posters should be submitted in two (2) files: the first one should be a Microsoft Word document of at most three (3) pages, with a text containing only a general overview of the work, including references. The second file should be a one-slide PowerPoint presentation, which combines text and images, and includes a brief description of the work that has been completed. Both documents should be sent in a compressed ZIP file (*.zip).<\/li>\n \t<li>To submit the text document, this <span style=\"color: #ff5117;\"><a style=\"color: #ff5117;\" href=\"https:\/\/ciisdev.ulima.edu.pe\/wp-content\/uploads\/2024\/02\/CFPPostersEnglish.docx\">template<\/a><\/span><span style=\"font-weight: 400;\">\u200e should be used. The document structure should include the title, abstract, introduction, content, references and a brief biography. The structure of the content section should fulfill the author\u2019s criteria.<\/span><\/li>\n \t<li>To submit posters, the following template should be used <span style=\"color: #ff5117;\"><a style=\"color: #ff5117;\" href=\"https:\/\/ciisdev.ulima.edu.pe\/wp-content\/uploads\/2024\/02\/Template-Poster-Ulima-2.pdf\">template<\/a><\/span><span style=\"color: #646464; font-family: Roboto, sans-serif;\">.<\/span><\/li>\n \t<li>Tables, diagrams or flowcharts should be editable and preferably created in Microsoft Word, PowerPoint or Adobe Illustrator.<\/li>\n \t<li>Images or photographs should have a minimum resolution of 500 dpi and a minimum size of 190 mm.<\/li>\n \t<li>Texts in figures should be grammatically correct and legible for the reader.<\/li>\n \t<li>All figures or tables should be labeled and cite their source. If the image was created by the author, indicate that it is the author\u2019s own creation using APA style.<\/li>\n \t<li>Posters should not include in-text citations whose source is not listed in the reference section and list references that are not cited in the research work.<\/li>\n \t<li>Posters should be unpublished works.<\/li>\n \t<li>Review of the poster proposal is not anonymous.<\/li>\n<li>Authors of selected posters presented at the conference will be invited to prepare extended versions in short article format, with a maximum length of 1500 words. These articles will be considered for publication in the digital journal Interfases, which is indexed in Redalyc, CrossRef, Dialnet, Latindex and DOAJ (Directory of Open Access Journals), after going through a peer review process.<\/li>\n<\/ul>\t\t\t\t\t\t\t\t<\/div>\n\t\t\t\t<\/div>\n\t\t\t\t<div class=\"elementor-element elementor-element-f955886 elementor-hidden-desktop elementor-hidden-tablet elementor-hidden-mobile elementor-widget elementor-widget-text-editor\" data-id=\"f955886\" data-element_type=\"widget\" data-e-type=\"widget\" data-widget_type=\"text-editor.default\">\n\t\t\t\t<div class=\"elementor-widget-container\">\n\t\t\t\t\t\t\t\t\t<p><b>Poster Publication<\/b><\/p><p><span style=\"font-weight: 400;\">CIIS 2024 will publish posters approved by the review committee according to the following:<\/span><\/p><p><span style=\"font-weight: 400;\">1) Approved posters will be published in the portal of the Conference on Systems Engineering Proceedings. The publications will be arranged in a series identified with ISSN 2810-806X (online) and ISBN approved by the Peruvian National Library.<\/span><br \/>2) The abstracts and presentation of accepted posters will have a single identification number based on a Digital Object Identifier (DOI).<span style=\"font-weight: 400;\"><br \/>3) Payment of a fee to register one of the authors is required to consider including one or more posters in the Conference Proceedings.<\/span><span style=\"font-weight: 400;\"><br \/>4) At least one author of the selected poster should attend the conference and present and discuss his\/her contribution following the guidelines to be provided by the CIIS 2024 organizing committee.<\/span><\/p>\t\t\t\t\t\t\t\t<\/div>\n\t\t\t\t<\/div>\n\t\t\t\t<div class=\"elementor-element elementor-element-19a5d78 elementor-widget elementor-widget-text-editor\" data-id=\"19a5d78\" data-element_type=\"widget\" data-e-type=\"widget\" data-widget_type=\"text-editor.default\">\n\t\t\t\t<div class=\"elementor-widget-container\">\n\t\t\t\t\t\t\t\t\t<p>For further information or questions, please send an e-mail to <span style=\"color: #ff5117;\"><a style=\"color: #ff5117;\" href=\"mailto:ciis@ulima.edu.pe\"><span style=\"font-weight: 400;\">ciis@ulima.edu.pe<\/span><\/a><\/span><\/p>\t\t\t\t\t\t\t\t<\/div>\n\t\t\t\t<\/div>\n\t\t\t\t\t<\/div>\n\t\t<\/div>\n\t\t\t\t\t<\/div>\n\t\t<\/div>\n\t\t\t\t<\/div>","protected":false},"excerpt":{"rendered":"<p>El comit\u00e9 organizador de CIIS 2024 invita a investigadores, profesionales y estudiantes a presentar trabajos en progreso en la modalidad de p\u00f3ster, con el objetivo de brindar a los participantes y a la comunidad cient\u00edfica la oportunidad de conocer sus propuestas de investigaci\u00f3n. Los p\u00f3steres seleccionados se presentar\u00e1n durante la sesi\u00f3n de p\u00f3steres de CIIS&#8230;<\/p>","protected":false},"author":1,"featured_media":0,"parent":367,"menu_order":0,"comment_status":"closed","ping_status":"closed","template":"","meta":{"om_disable_all_campaigns":false,"footnotes":""},"class_list":["post-794","page","type-page","status-publish","hentry"],"_links":{"self":[{"href":"https:\/\/ciisdev.ulima.edu.pe\/en\/wp-json\/wp\/v2\/pages\/794","targetHints":{"allow":["GET"]}}],"collection":[{"href":"https:\/\/ciisdev.ulima.edu.pe\/en\/wp-json\/wp\/v2\/pages"}],"about":[{"href":"https:\/\/ciisdev.ulima.edu.pe\/en\/wp-json\/wp\/v2\/types\/page"}],"author":[{"embeddable":true,"href":"https:\/\/ciisdev.ulima.edu.pe\/en\/wp-json\/wp\/v2\/users\/1"}],"replies":[{"embeddable":true,"href":"https:\/\/ciisdev.ulima.edu.pe\/en\/wp-json\/wp\/v2\/comments?post=794"}],"version-history":[{"count":166,"href":"https:\/\/ciisdev.ulima.edu.pe\/en\/wp-json\/wp\/v2\/pages\/794\/revisions"}],"predecessor-version":[{"id":5991,"href":"https:\/\/ciisdev.ulima.edu.pe\/en\/wp-json\/wp\/v2\/pages\/794\/revisions\/5991"}],"up":[{"embeddable":true,"href":"https:\/\/ciisdev.ulima.edu.pe\/en\/wp-json\/wp\/v2\/pages\/367"}],"wp:attachment":[{"href":"https:\/\/ciisdev.ulima.edu.pe\/en\/wp-json\/wp\/v2\/media?parent=794"}],"curies":[{"name":"wp","href":"https:\/\/api.w.org\/{rel}","templated":true}]}}