{"id":785,"date":"2018-06-25T07:39:30","date_gmt":"2018-06-25T07:39:30","guid":{"rendered":"https:\/\/radiustheme.com\/demo\/wordpress\/eventalk\/?page_id=785"},"modified":"2024-10-04T21:03:11","modified_gmt":"2024-10-04T21:03:11","slug":"call-for-papers","status":"publish","type":"page","link":"https:\/\/ciisdev.ulima.edu.pe\/en\/elements\/call-for-papers\/","title":{"rendered":"CALL FOR PAPERS"},"content":{"rendered":"<div data-elementor-type=\"wp-post\" data-elementor-id=\"785\" class=\"elementor elementor-785\">\n\t\t\t\t\t\t<div class=\"elementor-section elementor-top-section elementor-element elementor-element-5238923 elementor-section-stretched elementor-section-boxed elementor-section-height-default elementor-section-height-default\" data-id=\"5238923\" data-element_type=\"section\" data-e-type=\"section\" data-settings=\"{&quot;stretch_section&quot;:&quot;section-stretched&quot;}\">\n\t\t\t\t\t\t<div class=\"elementor-container elementor-column-gap-default\">\n\t\t\t\t\t<div class=\"elementor-column elementor-col-100 elementor-top-column elementor-element elementor-element-d0205bc\" data-id=\"d0205bc\" data-element_type=\"column\" data-e-type=\"column\">\n\t\t\t<div class=\"elementor-widget-wrap elementor-element-populated\">\n\t\t\t\t\t\t<div class=\"elementor-element elementor-element-b901cfb elementor-widget elementor-widget-text-editor\" data-id=\"b901cfb\" data-element_type=\"widget\" data-e-type=\"widget\" data-widget_type=\"text-editor.default\">\n\t\t\t\t<div class=\"elementor-widget-container\">\n\t\t\t\t\t\t\t\t\t<p>Authors are invited to submit original papers presenting research results that contribute to various aspects of Computing, Systems Engineering, Informatics and related areas. All accepted papers presented at the conference will be published in the Springer Proceedings in the book series \"<span style=\"color: #ff5117;\"><a style=\"color: #ff5117;\" href=\"https:\/\/www.springer.com\/series\/17396\">Information Systems Engineering and Management<\/a><\/span>\" (ISEM) and will be submitted for consideration in the Web of Science.<\/p>\t\t\t\t\t\t\t\t<\/div>\n\t\t\t\t<\/div>\n\t\t\t\t\t<\/div>\n\t\t<\/div>\n\t\t\t\t\t<\/div>\n\t\t<\/div>\n\t\t\t\t<section class=\"elementor-section elementor-top-section elementor-element elementor-element-31cdff6 elementor-section-boxed elementor-section-height-default elementor-section-height-default\" data-id=\"31cdff6\" data-element_type=\"section\" data-e-type=\"section\">\n\t\t\t\t\t\t<div class=\"elementor-container elementor-column-gap-default\">\n\t\t\t\t\t<div class=\"elementor-column elementor-col-100 elementor-top-column elementor-element elementor-element-b953479\" data-id=\"b953479\" data-element_type=\"column\" data-e-type=\"column\">\n\t\t\t<div class=\"elementor-widget-wrap elementor-element-populated\">\n\t\t\t\t\t\t<div class=\"elementor-element elementor-element-70c0d71 elementor-widget elementor-widget-heading\" data-id=\"70c0d71\" data-element_type=\"widget\" data-e-type=\"widget\" data-widget_type=\"heading.default\">\n\t\t\t\t<div class=\"elementor-widget-container\">\n\t\t\t\t\t<div class=\"elementor-heading-title elementor-size-small\">Proceedings<\/div>\t\t\t\t<\/div>\n\t\t\t\t<\/div>\n\t\t\t\t<div class=\"elementor-element elementor-element-15083db elementor-widget elementor-widget-image\" data-id=\"15083db\" data-element_type=\"widget\" data-e-type=\"widget\" data-widget_type=\"image.default\">\n\t\t\t\t<div class=\"elementor-widget-container\">\n\t\t\t\t\t\t\t\t\t\t\t\t\t\t\t<img decoding=\"async\" width=\"300\" height=\"83\" src=\"https:\/\/ciisdev.ulima.edu.pe\/wp-content\/uploads\/2024\/04\/springer-300x83.png\" class=\"attachment-medium size-medium wp-image-5822\" alt=\"\" srcset=\"https:\/\/ciisdev.ulima.edu.pe\/wp-content\/uploads\/2024\/04\/springer-300x83.png 300w, https:\/\/ciisdev.ulima.edu.pe\/wp-content\/uploads\/2024\/04\/springer-18x5.png 18w, https:\/\/ciisdev.ulima.edu.pe\/wp-content\/uploads\/2024\/04\/springer.png 380w\" sizes=\"(max-width: 300px) 100vw, 300px\" \/>\t\t\t\t\t\t\t\t\t\t\t\t\t\t\t<\/div>\n\t\t\t\t<\/div>\n\t\t\t\t<div class=\"elementor-element elementor-element-19cb48f elementor-widget elementor-widget-text-editor\" data-id=\"19cb48f\" data-element_type=\"widget\" data-e-type=\"widget\" data-widget_type=\"text-editor.default\">\n\t\t\t\t<div class=\"elementor-widget-container\">\n\t\t\t\t\t\t\t\t\t<p>Published by Springer in a book of the <span style=\"color: #000080;\"><a style=\"color: #000080;\" href=\"https:\/\/www.springer.com\/series\/17396\" target=\"_blank\" rel=\"noopener\"><strong>ISEM series<\/strong><\/a><\/span><\/p>\t\t\t\t\t\t\t\t<\/div>\n\t\t\t\t<\/div>\n\t\t\t\t\t<\/div>\n\t\t<\/div>\n\t\t\t\t\t<\/div>\n\t\t<\/section>\n\t\t\t\t<section class=\"elementor-section elementor-top-section elementor-element elementor-element-cdb68f6 elementor-section-boxed elementor-section-height-default elementor-section-height-default\" data-id=\"cdb68f6\" data-element_type=\"section\" data-e-type=\"section\">\n\t\t\t\t\t\t<div class=\"elementor-container elementor-column-gap-default\">\n\t\t\t\t\t<div class=\"elementor-column elementor-col-100 elementor-top-column elementor-element elementor-element-bc6091e\" data-id=\"bc6091e\" data-element_type=\"column\" data-e-type=\"column\">\n\t\t\t<div class=\"elementor-widget-wrap elementor-element-populated\">\n\t\t\t\t\t\t<div class=\"elementor-element elementor-element-a0fb9e8 elementor-widget elementor-widget-text-editor\" data-id=\"a0fb9e8\" data-element_type=\"widget\" data-e-type=\"widget\" data-widget_type=\"text-editor.default\">\n\t\t\t\t<div class=\"elementor-widget-container\">\n\t\t\t\t\t\t\t\t\t<p><b>Important Dates<\/b><b><br \/><\/b><span style=\"font-weight: 400;\">Paper submission deadline: <\/span><b>\u00a0<span style=\"color: #ff0000;\"><del>Until <span style=\"color: #ff0000;\">01 d<\/span>e julio de 2024\u00a0 <span style=\"color: #ff0000;\">July 21st 2024<\/span><\/del><\/span><\/b><b><br \/><\/b><span style=\"font-weight: 400;\">Review committee\u2019s notification of paper acceptance and comments deadline: <b><span style=\"color: #ff0000;\"><del>August 19th<\/del><\/span><\/b><\/span><b><br \/><\/b><span style=\"font-weight: 400;\">Final paper submission deadline: <b><span style=\"color: #ff0000;\"><del>September 9th<\/del><\/span><\/b><\/span><\/p>\t\t\t\t\t\t\t\t<\/div>\n\t\t\t\t<\/div>\n\t\t\t\t<div class=\"elementor-element elementor-element-a2bf4f3 elementor-align-center elementor-hidden-desktop elementor-hidden-tablet elementor-hidden-mobile elementor-widget elementor-widget-button\" data-id=\"a2bf4f3\" data-element_type=\"widget\" data-e-type=\"widget\" data-widget_type=\"button.default\">\n\t\t\t\t<div class=\"elementor-widget-container\">\n\t\t\t\t\t\t\t\t\t<div class=\"elementor-button-wrapper\">\n\t\t\t\t\t<a class=\"elementor-button elementor-button-link elementor-size-md\" href=\"https:\/\/easychair.org\/conferences\/?conf=ciis2024\">\n\t\t\t\t\t\t<span class=\"elementor-button-content-wrapper\">\n\t\t\t\t\t\t\t\t\t<span class=\"elementor-button-text\">Send your paper<\/span>\n\t\t\t\t\t<\/span>\n\t\t\t\t\t<\/a>\n\t\t\t\t<\/div>\n\t\t\t\t\t\t\t\t<\/div>\n\t\t\t\t<\/div>\n\t\t\t\t<div class=\"elementor-element elementor-element-7948b42 elementor-widget elementor-widget-text-editor\" data-id=\"7948b42\" data-element_type=\"widget\" data-e-type=\"widget\" data-widget_type=\"text-editor.default\">\n\t\t\t\t<div class=\"elementor-widget-container\">\n\t\t\t\t\t\t\t\t\t<p><strong>Topics<\/strong><\/p><p>CIIS 2024 addresses a broad spectrum of specific topics of interest, including (but not limited to):<\/p>\t\t\t\t\t\t\t\t<\/div>\n\t\t\t\t<\/div>\n\t\t\t\t<section class=\"elementor-section elementor-inner-section elementor-element elementor-element-365ab0c elementor-section-boxed elementor-section-height-default elementor-section-height-default\" data-id=\"365ab0c\" data-element_type=\"section\" data-e-type=\"section\">\n\t\t\t\t\t\t<div class=\"elementor-container elementor-column-gap-default\">\n\t\t\t\t\t<div class=\"elementor-column elementor-col-25 elementor-inner-column elementor-element elementor-element-3d1917c\" data-id=\"3d1917c\" data-element_type=\"column\" data-e-type=\"column\">\n\t\t\t<div class=\"elementor-widget-wrap elementor-element-populated\">\n\t\t\t\t\t\t<div class=\"elementor-element elementor-element-2821d3a elementor-widget elementor-widget-image-box\" data-id=\"2821d3a\" data-element_type=\"widget\" data-e-type=\"widget\" data-widget_type=\"image-box.default\">\n\t\t\t\t<div class=\"elementor-widget-container\">\n\t\t\t\t\t<div class=\"elementor-image-box-wrapper\"><div class=\"elementor-image-box-content\"><h3 class=\"elementor-image-box-title\">Information Systems<\/h3><\/div><\/div>\t\t\t\t<\/div>\n\t\t\t\t<\/div>\n\t\t\t\t<div class=\"elementor-element elementor-element-f48d6fe elementor-widget elementor-widget-text-editor\" data-id=\"f48d6fe\" data-element_type=\"widget\" data-e-type=\"widget\" data-widget_type=\"text-editor.default\">\n\t\t\t\t<div class=\"elementor-widget-container\">\n\t\t\t\t\t\t\t\t\t<ul>\n \t<li class=\"p1 my-3\">E-Business<\/li>\n \t<li class=\"p1 my-3\">E-Government<\/li>\n \t<li class=\"p1 my-3\">Information Systems Education<\/li>\n \t<li class=\"p1 my-3\">Global Aspects of Information Systems<\/li>\n \t<li class=\"p1 my-3\">Safety, Privacy and Ethics in Information Systems<\/li>\n \t<li class=\"p1 my-3\">Project Management for Information Systems<\/li>\n<\/ul>\t\t\t\t\t\t\t\t<\/div>\n\t\t\t\t<\/div>\n\t\t\t\t\t<\/div>\n\t\t<\/div>\n\t\t\t\t<div class=\"elementor-column elementor-col-25 elementor-inner-column elementor-element elementor-element-22562a5\" data-id=\"22562a5\" data-element_type=\"column\" data-e-type=\"column\">\n\t\t\t<div class=\"elementor-widget-wrap elementor-element-populated\">\n\t\t\t\t\t\t<div class=\"elementor-element elementor-element-28f593e elementor-widget elementor-widget-image-box\" data-id=\"28f593e\" data-element_type=\"widget\" data-e-type=\"widget\" data-widget_type=\"image-box.default\">\n\t\t\t\t<div class=\"elementor-widget-container\">\n\t\t\t\t\t<div class=\"elementor-image-box-wrapper\"><div class=\"elementor-image-box-content\"><h3 class=\"elementor-image-box-title\">Software Engineering<\/h3><\/div><\/div>\t\t\t\t<\/div>\n\t\t\t\t<\/div>\n\t\t\t\t<div class=\"elementor-element elementor-element-7dcb7af elementor-widget elementor-widget-text-editor\" data-id=\"7dcb7af\" data-element_type=\"widget\" data-e-type=\"widget\" data-widget_type=\"text-editor.default\">\n\t\t\t\t<div class=\"elementor-widget-container\">\n\t\t\t\t\t\t\t\t\t<ul><li class=\"p1 my-3\">Software Architecture<\/li><li class=\"p1 my-3\">Agile Methodologies<\/li><li class=\"p1 my-3\">Requirements Engineering<\/li><li class=\"p1 my-3\">Formal Methods<\/li><li class=\"p1 my-3\">Software Development Methodologies<\/li><li class=\"p1 my-3\">Quality Assurance<\/li><li class=\"p1 my-3\">Ubiquitous and Mobile Systems<\/li><li class=\"p1 my-3\">Verification, Validation and Testing<\/li><\/ul>\t\t\t\t\t\t\t\t<\/div>\n\t\t\t\t<\/div>\n\t\t\t\t\t<\/div>\n\t\t<\/div>\n\t\t\t\t<div class=\"elementor-column elementor-col-25 elementor-inner-column elementor-element elementor-element-a6b8e6c\" data-id=\"a6b8e6c\" data-element_type=\"column\" data-e-type=\"column\">\n\t\t\t<div class=\"elementor-widget-wrap elementor-element-populated\">\n\t\t\t\t\t\t<div class=\"elementor-element elementor-element-b10d787 elementor-widget elementor-widget-image-box\" data-id=\"b10d787\" data-element_type=\"widget\" data-e-type=\"widget\" data-widget_type=\"image-box.default\">\n\t\t\t\t<div class=\"elementor-widget-container\">\n\t\t\t\t\t<div class=\"elementor-image-box-wrapper\"><div class=\"elementor-image-box-content\"><h3 class=\"elementor-image-box-title\">Information Technologies<\/h3><\/div><\/div>\t\t\t\t<\/div>\n\t\t\t\t<\/div>\n\t\t\t\t<div class=\"elementor-element elementor-element-7814aa7 elementor-widget elementor-widget-text-editor\" data-id=\"7814aa7\" data-element_type=\"widget\" data-e-type=\"widget\" data-widget_type=\"text-editor.default\">\n\t\t\t\t<div class=\"elementor-widget-container\">\n\t\t\t\t\t\t\t\t\t<ul><li class=\"p1 my-3\">Internet of Things<\/li><li class=\"p1 my-3\">Embedded Systems<\/li><li class=\"p1 my-3\">Cloud Computing<\/li><li class=\"p1 my-3\">Software-Defined Networking<\/li><li class=\"p1 my-3\">Cybersecurity<\/li><li class=\"p1 my-3\">Network Security<\/li><li class=\"p1 my-3\">Web Computing<\/li><li class=\"p1 my-3\">Grid Computing<\/li><\/ul>\t\t\t\t\t\t\t\t<\/div>\n\t\t\t\t<\/div>\n\t\t\t\t\t<\/div>\n\t\t<\/div>\n\t\t\t\t<div class=\"elementor-column elementor-col-25 elementor-inner-column elementor-element elementor-element-e154f24\" data-id=\"e154f24\" data-element_type=\"column\" data-e-type=\"column\">\n\t\t\t<div class=\"elementor-widget-wrap elementor-element-populated\">\n\t\t\t\t\t\t<div class=\"elementor-element elementor-element-fceb19e elementor-widget elementor-widget-image-box\" data-id=\"fceb19e\" data-element_type=\"widget\" data-e-type=\"widget\" data-widget_type=\"image-box.default\">\n\t\t\t\t<div class=\"elementor-widget-container\">\n\t\t\t\t\t<div class=\"elementor-image-box-wrapper\"><div class=\"elementor-image-box-content\"><h3 class=\"elementor-image-box-title\">Computer Science<\/h3><\/div><\/div>\t\t\t\t<\/div>\n\t\t\t\t<\/div>\n\t\t\t\t<div class=\"elementor-element elementor-element-46d5019 elementor-widget elementor-widget-text-editor\" data-id=\"46d5019\" data-element_type=\"widget\" data-e-type=\"widget\" data-widget_type=\"text-editor.default\">\n\t\t\t\t<div class=\"elementor-widget-container\">\n\t\t\t\t\t\t\t\t\t<ul><li class=\"p1 my-3\">Data Structures and Algorithms<\/li><li class=\"p1 my-3\">Big Data<\/li><li class=\"p1 my-3\">Bioinformatics<\/li><li class=\"p1 my-3\">Computer Graphics<\/li><li class=\"p1 my-3\">Computer Science Education<\/li><li class=\"p1 my-3\">Data Mining<\/li><li class=\"p1 my-3\">Human-Computer Interaction<\/li><li class=\"p1 my-3\">Artificial Intelligence<\/li><li class=\"p1 my-3\">Information Processing<\/li><li class=\"p1 my-3\">Virtual and Augmented Reality<\/li><li class=\"p1 my-3\">Theory of Computing<\/li><li class=\"p1 my-3\">Computer Vision<\/li><li class=\"p1 my-3\">Social and Ethical Topics in Computer Science<\/li><\/ul>\t\t\t\t\t\t\t\t<\/div>\n\t\t\t\t<\/div>\n\t\t\t\t\t<\/div>\n\t\t<\/div>\n\t\t\t\t\t<\/div>\n\t\t<\/section>\n\t\t\t\t<div class=\"elementor-element elementor-element-8a257fa elementor-widget elementor-widget-text-editor\" data-id=\"8a257fa\" data-element_type=\"widget\" data-e-type=\"widget\" data-widget_type=\"text-editor.default\">\n\t\t\t\t<div class=\"elementor-widget-container\">\n\t\t\t\t\t\t\t\t\t<p><b>Author Guidelines<\/b><b><br \/><\/b><\/p><ul><li><span style=\"color: #444444; font-family: Arial, sans-serif;\"><span style=\"color: #000000;\">The conference accepts papers in English and Spanish. The scientific committee will particularly value papers submitted in English.<\/span><\/span><\/li><li><span style=\"font-weight: 400;\">Authors should consult <span style=\"color: #ff5117;\"><a style=\"color: #ff5117;\" href=\"https:\/\/www.springer.com\/us\/authors-editors\/conference-proceedings\/conference-proceedings-guidelines\">Instructions for Authors at Springer Website<\/a><\/span> and use their proceedings templates, either for <span style=\"color: #ff5117;\"><a style=\"color: #ff5117;\" href=\"https:\/\/resource-cms.springernature.com\/springer-cms\/rest\/v1\/content\/19338728\/data\/v1\">LaTeX<\/a><\/span> or for<span style=\"color: #ff5117;\"> <a style=\"color: #ff5117;\" href=\"https:\/\/resource-cms.springernature.com\/springer-cms\/rest\/v1\/content\/19338734\/data\/v1\">Word<\/a><\/span>, for the preparation of their papers.<\/span><\/li><li><span style=\"font-weight: 400;\">Papers must be submitted in PDF format and can follow either the Full Paper format (12-15 pages) or the Short Paper format (6-10 pages), including main content and references.<\/span><\/li><li><span style=\"font-weight: 400;\">Papers should not include the name of the author or any other type of personal information to preserve his\/her anonymity.<\/span><\/li><li><span style=\"font-weight: 400;\">Papers should be original, novel and unpublished. Furthermore, avoid proposing this paper in other journals or academic conferences simultaneously.<\/span><\/li><li><span style=\"font-weight: 400;\">Submitted papers will undergo a double-blind peer review, ensuring the anonymity of both the reviewer and the author. Reviewers will be appointed by the Program Chairs and the Scientific Committee. Authors will be notified of the review committee's decision on the specified date.<\/span><\/li><\/ul>\t\t\t\t\t\t\t\t<\/div>\n\t\t\t\t<\/div>\n\t\t\t\t<div class=\"elementor-element elementor-element-a48fe60 elementor-hidden-desktop elementor-hidden-tablet elementor-hidden-mobile elementor-widget elementor-widget-text-editor\" data-id=\"a48fe60\" data-element_type=\"widget\" data-e-type=\"widget\" data-widget_type=\"text-editor.default\">\n\t\t\t\t<div class=\"elementor-widget-container\">\n\t\t\t\t\t\t\t\t\t<p><b>Publication and Indexing<\/b><b><br \/><\/b><b><br \/><\/b><span style=\"font-weight: 400;\">CIIS 2024 will publish papers approved by the review committee according to the following:<\/span><span style=\"font-weight: 400;\"><br \/><\/span><span style=\"font-weight: 400;\">1. Approved papers will be published in the portal of the <\/span><span style=\"color: #ff5117;\"><a style=\"color: #ff5117;\" href=\"https:\/\/revistas.ulima.edu.pe\/index.php\/CIIS\/index\"><span style=\"font-weight: 400;\">Conference on Systems Engineering Proceedings<\/span><\/a><\/span><span style=\"font-weight: 400;\"> The publications will be arranged in a series identified with ISSN 2810-806X (online) and ISBN approved by the Peruvian National Library.<\/span><span style=\"font-weight: 400;\"><br \/><\/span><span style=\"font-weight: 400;\">2. Papers will have a single identification number based on a Digital Object Identifier (DOI). The DOI is managed by <\/span><span style=\"color: #ff5117;\"><a style=\"color: #ff5117;\" href=\"https:\/\/www.crossref.org\/\"><span style=\"font-weight: 400;\">Crossref<\/span><\/a><\/span><span style=\"font-weight: 400;\"> , so papers are easy to find, cite, link and reuse.<\/span><span style=\"font-weight: 400;\"><br \/><\/span><span style=\"font-weight: 400;\">3. Payment of a fee to register one of the speakers is required to consider including one or more papers in the Conference Proceedings.<\/span><span style=\"font-weight: 400;\"><br \/><\/span><span style=\"font-weight: 400;\">4. At least one author of the selected paper should attend the conference and submit and discuss his\/her contribution following the guidelines to be provided by the CIIS 2024 organizing committee.<\/span><span style=\"font-weight: 400;\"><br \/><\/span><span style=\"font-weight: 400;\">5. Best paper authors will be invited to prepare and submit extended versions to be considered, after a new peer review, for publication in the<\/span> <span style=\"color: #ff5117;\"><a style=\"color: #ff5117;\" href=\"https:\/\/revistas.ulima.edu.pe\/index.php\/Interfases\"><i><span style=\"font-weight: 400;\">Interfases<\/span><\/i><\/a><\/span><span style=\"font-weight: 400;\"> digital journal indexed in CrossRef, Dialnet, Latindex and DOAJ: Directory of Open Access Journals.<\/span><span style=\"font-weight: 400;\"><br \/><\/span><span style=\"font-weight: 400;\">6. The portal of the <\/span><span style=\"color: #ff5117;\"><a style=\"color: #ff5117;\" href=\"https:\/\/revistas.ulima.edu.pe\/index.php\/CIIS\/index\"><span style=\"font-weight: 400;\">Conference on Systems Engineering Proceedings<\/span><\/a><\/span><span style=\"font-weight: 400;\"> meets the criteria set forth in the <\/span><span style=\"color: #ff5117;\"><a style=\"color: #ff5117;\" href=\"https:\/\/publicationethics.org\/\"><span style=\"font-weight: 400;\">Guidelines on Good Publication Practice of the Committee on Publication Ethics (COPE),<\/span><\/a><\/span><span style=\"font-weight: 400;\">, which defines the scope, duties, responsibilities and procedures for action in situations of investigative misconduct.<\/span><\/p><p><b>Note<\/b><span style=\"font-weight: 400;\">: The <\/span><span style=\"color: #ff5117;\"><a style=\"color: #ff5117;\" href=\"https:\/\/revistas.ulima.edu.pe\/index.php\/Interfases\"><i><span style=\"font-weight: 400;\">Interfases<\/span><\/i><\/a><\/span><span style=\"font-weight: 400;\"> journal and the portal of the CIIS Proceedings are edited by the University of Lima and are indexed in <\/span><span style=\"color: #ff5117;\"><a style=\"color: #ff5117;\" href=\"https:\/\/oatd.org\/\"><span style=\"font-weight: 400;\">Open Access Theses and Dissertations<\/span><\/a><\/span><span style=\"font-weight: 400;\">, <\/span><span style=\"color: #ff5117;\"><a style=\"color: #ff5117;\" href=\"https:\/\/www.opendoar.org\/\"><span style=\"font-weight: 400;\">Open Doar<\/span><\/a><\/span><span style=\"font-weight: 400;\">, <\/span><span style=\"color: #ff5117;\"><a style=\"color: #ff5117;\" href=\"https:\/\/www.base-search.net\/about\/en\/\"><span style=\"font-weight: 400;\">BASE<\/span><\/a><\/span><span style=\"font-weight: 400;\">, <\/span><span style=\"color: #ff5117;\"><a style=\"color: #ff5117;\" href=\"https:\/\/www.worldcat.org\/\"><span style=\"font-weight: 400;\">Worldcat<\/span><\/a><\/span><span style=\"font-weight: 400;\">, <\/span><span style=\"color: #ff5117;\"><a style=\"color: #ff5117;\" href=\"https:\/\/www.core.co.uk\/\"><span style=\"font-weight: 400;\">Core.uk<\/span><\/a><\/span><span style=\"font-weight: 400;\">, <\/span><span style=\"color: #ff5117;\"><a style=\"color: #ff5117;\" href=\"https:\/\/scholar.google.com.pe\/\"><span style=\"font-weight: 400;\">Google scholar<\/span><\/a><\/span><span style=\"font-weight: 400;\">, <\/span><span style=\"color: #ff5117;\"><a style=\"color: #ff5117;\" href=\"https:\/\/alicia.concytec.gob.pe\/vufind\/\"><span style=\"font-weight: 400;\">ALICIA-Concytec<\/span><\/a><\/span><span style=\"font-weight: 400;\">, <\/span><span style=\"color: #ff5117;\"><a style=\"color: #ff5117;\" href=\"http:\/\/www.lareferencia.info\/es\/\"><span style=\"font-weight: 400;\">La Referencia<\/span><\/a><\/span><span style=\"font-weight: 400;\">, <\/span><a href=\"https:\/\/www.openaire.eu\/\"><span style=\"font-weight: 400;\"><span style=\"color: #ff5117;\">OpenAIRE.eu<\/span><\/span><\/a><span style=\"font-weight: 400;\">.<\/span><\/p>\t\t\t\t\t\t\t\t<\/div>\n\t\t\t\t<\/div>\n\t\t\t\t<div class=\"elementor-element elementor-element-e2fc0d7 elementor-widget elementor-widget-text-editor\" data-id=\"e2fc0d7\" data-element_type=\"widget\" data-e-type=\"widget\" data-widget_type=\"text-editor.default\">\n\t\t\t\t<div class=\"elementor-widget-container\">\n\t\t\t\t\t\t\t\t\t<p><strong>Publication and Indexing<\/strong><\/p><ul><li>All accepted papers presented at the conference will be published in the Springer Proceedings in the book series \"<span style=\"color: #ff5117;\"><a style=\"color: #ff5117;\" href=\"https:\/\/www.springer.com\/series\/17396\">Information Systems Engineering and Management<\/a><\/span>\" (ISEM) and will be submitted for consideration in the Web of Science.<\/li><li>To be considered for inclusion in the proceedings book, at least one of the authors must pay the full registration fee for each submitted article. Only one article per registration will be published.<\/li><li>At least one author of the selected article must attend the conference, either in person or online, to present and discuss their contribution according to the guidelines provided by the organizing committee of CIIS 2024. It is crucial to note that papers not presented at the conference will not be included in the proceedings book, even if accepted for publication.<\/li><li>The accepted paper for publication must include the authors' names, affiliations, email addresses, and ORCID codes, and should incorporate all recommended changes by the reviewing committee. This revised paper must be submitted in both Word or LaTeX format and in PDF format.<\/li><\/ul>\t\t\t\t\t\t\t\t<\/div>\n\t\t\t\t<\/div>\n\t\t\t\t<div class=\"elementor-element elementor-element-c79f0ef elementor-widget elementor-widget-text-editor\" data-id=\"c79f0ef\" data-element_type=\"widget\" data-e-type=\"widget\" data-widget_type=\"text-editor.default\">\n\t\t\t\t<div class=\"elementor-widget-container\">\n\t\t\t\t\t\t\t\t\t<p><span style=\"font-weight: 400;\">For<\/span><span style=\"font-weight: 400;\">\u00a0further information or questions, please send an e-mail to <\/span><a href=\"mailto:ciis@ulima.edu.pe\"><span style=\"font-weight: 400; color: #ff5117;\">ciis@ulima.edu.pe<\/span><\/a><\/p>\t\t\t\t\t\t\t\t<\/div>\n\t\t\t\t<\/div>\n\t\t\t\t\t<\/div>\n\t\t<\/div>\n\t\t\t\t\t<\/div>\n\t\t<\/section>\n\t\t\t\t<\/div>","protected":false},"excerpt":{"rendered":"<p>Los autores est\u00e1n invitados a enviar trabajos originales que presenten resultados de investigaci\u00f3n contribuyentes a diversos aspectos de la Computaci\u00f3n, la Ingenier\u00eda de Sistemas, la Inform\u00e1tica y \u00e1reas relacionadas. Todos los trabajos aceptados y presentados en la conferencia ser\u00e1n publicados en las Actas de congreso de Springer en la serie de libros &#8220;Information Systems Engineering&#8230;<\/p>","protected":false},"author":1,"featured_media":0,"parent":367,"menu_order":0,"comment_status":"closed","ping_status":"closed","template":"","meta":{"om_disable_all_campaigns":false,"footnotes":""},"class_list":["post-785","page","type-page","status-publish","hentry"],"_links":{"self":[{"href":"https:\/\/ciisdev.ulima.edu.pe\/en\/wp-json\/wp\/v2\/pages\/785","targetHints":{"allow":["GET"]}}],"collection":[{"href":"https:\/\/ciisdev.ulima.edu.pe\/en\/wp-json\/wp\/v2\/pages"}],"about":[{"href":"https:\/\/ciisdev.ulima.edu.pe\/en\/wp-json\/wp\/v2\/types\/page"}],"author":[{"embeddable":true,"href":"https:\/\/ciisdev.ulima.edu.pe\/en\/wp-json\/wp\/v2\/users\/1"}],"replies":[{"embeddable":true,"href":"https:\/\/ciisdev.ulima.edu.pe\/en\/wp-json\/wp\/v2\/comments?post=785"}],"version-history":[{"count":204,"href":"https:\/\/ciisdev.ulima.edu.pe\/en\/wp-json\/wp\/v2\/pages\/785\/revisions"}],"predecessor-version":[{"id":5981,"href":"https:\/\/ciisdev.ulima.edu.pe\/en\/wp-json\/wp\/v2\/pages\/785\/revisions\/5981"}],"up":[{"embeddable":true,"href":"https:\/\/ciisdev.ulima.edu.pe\/en\/wp-json\/wp\/v2\/pages\/367"}],"wp:attachment":[{"href":"https:\/\/ciisdev.ulima.edu.pe\/en\/wp-json\/wp\/v2\/media?parent=785"}],"curies":[{"name":"wp","href":"https:\/\/api.w.org\/{rel}","templated":true}]}}