{"id":5004,"date":"2023-06-26T21:05:40","date_gmt":"2023-06-26T21:05:40","guid":{"rendered":"https:\/\/ciisdev.ulima.edu.pe\/?page_id=5004"},"modified":"2024-09-11T16:29:02","modified_gmt":"2024-09-11T16:29:02","slug":"organizacion","status":"publish","type":"page","link":"https:\/\/ciisdev.ulima.edu.pe\/en\/organizacion\/","title":{"rendered":"ORGANIZING COMMITTEE"},"content":{"rendered":"<div data-elementor-type=\"wp-page\" data-elementor-id=\"5004\" class=\"elementor elementor-5004\">\n\t\t\t\t\t\t<section class=\"elementor-section elementor-top-section elementor-element elementor-element-9575387 elementor-section-boxed elementor-section-height-default elementor-section-height-default\" data-id=\"9575387\" data-element_type=\"section\" data-e-type=\"section\">\n\t\t\t\t\t\t<div class=\"elementor-container elementor-column-gap-default\">\n\t\t\t\t\t<div class=\"elementor-column elementor-col-100 elementor-top-column elementor-element elementor-element-bc92313\" data-id=\"bc92313\" data-element_type=\"column\" data-e-type=\"column\">\n\t\t\t<div class=\"elementor-widget-wrap elementor-element-populated\">\n\t\t\t\t\t\t<div class=\"elementor-element elementor-element-367daa6 elementor-widget elementor-widget-text-editor\" data-id=\"367daa6\" data-element_type=\"widget\" data-e-type=\"widget\" data-widget_type=\"text-editor.default\">\n\t\t\t\t<div class=\"elementor-widget-container\">\n\t\t\t\t\t\t\t\t\t<div><b>Organizing Committee<\/b><\/div><div><strong>General chairs:<\/strong><\/div><ul><li style=\"font-weight: 400;\" aria-level=\"1\">Franci Suni-Lopez, Universidad de Lima, Peru<\/li><li style=\"font-weight: 400;\" aria-level=\"1\">Elvira G. Rinc\u00f3n Flores, PhD, Tecnol\u00f3gico de Monterrey, Mexico<\/li><\/ul><div><strong>Program Chair and Co-Chair:<\/strong><\/div><ul><li style=\"font-weight: 400;\" aria-level=\"1\">Hern\u00e1n Alejandro Quintana Cruz, MSc, Universidad de Lima, Peru<\/li><li style=\"font-weight: 400;\" aria-level=\"1\">Eunice Pereira dos Santos Nunes PhD, Universidade Federal de Mato Grosso, Brazil<\/li><\/ul><div><strong>Scientific Committee:<\/strong><\/div><ul><li class=\"p1\">Cristiano Maciel, PhD, Universidade Federal de Mato Grosso, Brazil<\/li><li class=\"p1\">Edwin Escobedo C\u00e1rdenas, PhD. Universidad de Lima, Peru<\/li><li class=\"p1\">Effie Lai-Chong Law, PhD, Durham University, England<\/li><li class=\"p1\">Guillermo Antonio D\u00e1vila Calle, PhD, Universidad de Lima, Peru<\/li><li class=\"p1\">Dr. Hern\u00e1n Nina Hanco, Universidad de Lima, Peru<\/li><li class=\"p1\">Isaias Bianchi, PhD, Federal University of Santa Catarina, Brazil<\/li><li class=\"p1\">Manuel Castillo Cara, PhD, Universidad de Castilla-La Mancha, Spain.<\/li><li class=\"p1\">Marco Antonio Sotelo Monge, PhD, Indra, Spain<\/li><li class=\"p1\">Michael Dorin, University of St. Thomas, Estados Unidos<\/li><li class=\"p1\">Nelly Condori Fernandez, Universidad Santiago de Compostela, Spain<\/li><li class=\"p1\">Ruth Maria Reategui Rojas, PhD, Universidad T\u00e9cnica Particular de Loja, Ecuador<\/li><\/ul><div><strong>Local Organizing Committee:<\/strong><\/div><div><ul><li>Nadia Rodr\u00edguez Rodr\u00edguez, Universidad de Lima, Peru<\/li><li>Andrea Matuk Chijner, Universidad de Lima, Peru<\/li><li>Dios Luna Jim Bryan, Universidad de Lima, Peru<\/li><li>Carlos Torres Paredes, Universidad de Lima, Peru<\/li><li>Pablo Rojas Jaen, Universidad de Lima, Peru<\/li><li>Rosario Guzm\u00e1n Jim\u00e9nez, Universidad de Lima, Peru<\/li><li>Gomez Loayza Karla Alejandra, Universidad de Lima, Peru<\/li><li>Escobedo Cardenas Edwin Jonathan, Universidad de Lima, Peru<\/li><li>More Sanchez Javier, Universidad de Lima, Peru<\/li><\/ul><\/div><div><strong>Program Review Committee Members<\/strong><\/div><ul><li>Josmell Alva, Universidad de Trujillo, Peru<\/li><li>Edwin Alvarez, Universidad de Lima, Peru<\/li><li>Renzo Angles, Universidad de Talca, Chile<\/li><li>Victor Ayma, Universidad Pac\u00edfico, Peru<\/li><li>Luis Barba, Universidad T\u00e9cnica Particular de Loja, Ecuador<\/li><li>Olda Bustillos, Universidad Internacional de las Am\u00e9ricas<\/li><li>Jose Caballero, Universidad de Lima, Peru<\/li><li>Fiorella Capcha, Universidad de Lima, Peru<\/li><li>Ricardo Chavez, Abo Akademi, Finlandia<\/li><li>Josimar Chire,<\/li><li>Ana Cuadros, Universidad Nacional San Agustin, Peru<\/li><li>Guillermo Antonio Davila Calle, Universidad de Lima, Peru<\/li><li>Bertha Diaz, Universidad de Lima, Peru<\/li><li>Ignacio Diaz, Universidad de Cadiz, Espa\u00f1a<\/li><li>Jose Diaz, Universidad de Lima, Peru<\/li><li>Jim Dios, Universidad de Lima, Peru<\/li><li>Eunice Dos Santos, Universidade Federal de Mato Grosso, Brazil<\/li><li>Edwin Escobedo, Universidad de Lima, Peru<\/li><li>Jorge Fernandez,<\/li><li>Roxana Flores, Universidad Nacional San Agustin, Peru<\/li><li>Miguel Gonzalez Mendoza, Tecnol\u00f3gico de Monterrey, Mexico<\/li><li>Juan Gutierrez, Universidad de Lima, Peru<\/li><li>Rosario Guzman, Universidad de Lima, Peru<\/li><li>Edgar Jesus Huaranga Junco, Universidad de Lima, Peru<\/li><li>Jorge Irey, Universidad de Lima, Peru<\/li><li>Valdivia Jose, Universidad de Lima, Peru<\/li><li>Cynthia L\u00f3pez, Tecnol\u00f3gico de Monterrey, Mexico<\/li><li>Vicente Machaca, Universidad La Salle, Peru<\/li><li>Paulo Maia, Universidad de Lima, Peru<\/li><li>Edgar Manzano, Universidad de Trujillo, Peru<\/li><li>Andrea Matuk Chijner, Universidad de Lima, Peru<\/li><li>Angela Mayhua, Universidad de Lima, Peru<\/li><li>Markus Mock, Landshut University of Applied Sciences, Alemania<\/li><li>Javier More, Universidad de Lima, Peru<\/li><li>Hernan Nina, Universidad de Lima, Peru<\/li><li>Wilder Nina Choquehuayta, Universidad de Ingenier\u00eda y Tecnolog\u00eda, Peru<\/li><li>Brenner Ojeda, Universidad de Ingenier\u00eda y Tecnolog\u00eda, Peru<\/li><li>Rosa Paccotacya, Universidad Nacional San Agustin, Peru<\/li><li>Luis Paredes, Pontificia Universidad Cat\u00f3lica del Peru<\/li><li>Lennin Paul Quiroz, Universidad de Lima, Peru<\/li><li>Marcela Quispe, Universidad Cat\u00f3lica San Pablo, Peru<\/li><li>Lourdes Ramirez, Universidad de Lima, Peru<\/li><li>Oscar Ramos, Universidad de Lima, Peru<\/li><li>Elvira Rincon, Tecnol\u00f3gico de Monterrey, Mexico<\/li><li>Guillermo Rodriguez, Universidad Nacional del Centro de la Pcia. de Buenos Aires, Argentina<\/li><li>Jose Antonio Rodriguez, Universidad de Trujillo, Peru<\/li><li>Nadia Katherine Rodriguez Rodriguez, Universidad de Lima, Peru<\/li><li>Pablo Rojas, Universidad de Lima, Peru<\/li><li>Donna Roper, Universidad Pac\u00edfico, Peru<\/li><li>Brenda Santos, Tecnol\u00f3gico de Monterrey, Mexico<\/li><li>Edgar Sarmiento, Universidad Nacional de San Agustin de Arequipa<\/li><li>Andrew Seely, University of Maryland Global Campus, USA<\/li><li>Ernesto Suarez, Universidad Nacional San Agustin, Peru<\/li><li>Franci Suni, Universidad de Lima, Peru<\/li><li>Dayannis Tamayo, Tecnol\u00f3gico de Monterrey, Mexico<\/li><li>Fernando Teshima,<\/li><li>Regina Ticona, Universidad Cat\u00f3lica San Pablo, Peru<\/li><li>Carlos Torres, Universidad de Lima, Peru<\/li><li>Yvan Tupac, Universidad Cat\u00f3lica San Pablo, Peru<\/li><li>Jorge Veloz, Universidad T\u00e9cnica de Manab\u00ed, Ecuador<\/li><li>Nadia Yoza, University of Colorado Boulder, USA.<\/li><li>Guillermo Zevallos, Universidad de Lima, Peru<\/li><\/ul>\t\t\t\t\t\t\t\t<\/div>\n\t\t\t\t<\/div>\n\t\t\t\t\t<\/div>\n\t\t<\/div>\n\t\t\t\t\t<\/div>\n\t\t<\/section>\n\t\t\t\t<\/div>","protected":false},"excerpt":{"rendered":"<p>Comit\u00e9 Organizador CIISPresidentes del Comit\u00e9 Organizador: Franci Suni-Lopez, Universidad de Lima, Peru Elvira G. Rinc\u00f3n Flores, PhD, Tecnol\u00f3gico de Monterrey, Mexico Presidente y Vicepresidenta del programa: Hern\u00e1n Alejandro Quintana Cruz, MSc, Universidad de Lima, Peru Eunice Pereira dos Santos Nunes PhD, Universidade Federal de Mato Grosso, Brazil Comit\u00e9 cient\u00edfico: Cristiano Maciel, PhD, Universidade Federal de&#8230;<\/p>","protected":false},"author":5,"featured_media":0,"parent":0,"menu_order":0,"comment_status":"closed","ping_status":"closed","template":"","meta":{"om_disable_all_campaigns":false,"footnotes":""},"class_list":["post-5004","page","type-page","status-publish","hentry"],"_links":{"self":[{"href":"https:\/\/ciisdev.ulima.edu.pe\/en\/wp-json\/wp\/v2\/pages\/5004","targetHints":{"allow":["GET"]}}],"collection":[{"href":"https:\/\/ciisdev.ulima.edu.pe\/en\/wp-json\/wp\/v2\/pages"}],"about":[{"href":"https:\/\/ciisdev.ulima.edu.pe\/en\/wp-json\/wp\/v2\/types\/page"}],"author":[{"embeddable":true,"href":"https:\/\/ciisdev.ulima.edu.pe\/en\/wp-json\/wp\/v2\/users\/5"}],"replies":[{"embeddable":true,"href":"https:\/\/ciisdev.ulima.edu.pe\/en\/wp-json\/wp\/v2\/comments?post=5004"}],"version-history":[{"count":81,"href":"https:\/\/ciisdev.ulima.edu.pe\/en\/wp-json\/wp\/v2\/pages\/5004\/revisions"}],"predecessor-version":[{"id":5946,"href":"https:\/\/ciisdev.ulima.edu.pe\/en\/wp-json\/wp\/v2\/pages\/5004\/revisions\/5946"}],"wp:attachment":[{"href":"https:\/\/ciisdev.ulima.edu.pe\/en\/wp-json\/wp\/v2\/media?parent=5004"}],"curies":[{"name":"wp","href":"https:\/\/api.w.org\/{rel}","templated":true}]}}