{"id":496,"date":"2018-06-20T12:53:24","date_gmt":"2018-06-20T12:53:24","guid":{"rendered":"https:\/\/radiustheme.com\/demo\/wordpress\/eventalk\/?page_id=496"},"modified":"2024-04-05T23:00:48","modified_gmt":"2024-04-05T23:00:48","slug":"about-us","status":"publish","type":"page","link":"https:\/\/ciisdev.ulima.edu.pe\/en\/about-us\/","title":{"rendered":"ABOUT"},"content":{"rendered":"<div data-elementor-type=\"wp-post\" data-elementor-id=\"496\" class=\"elementor elementor-496\">\n\t\t\t\t\t\t<section class=\"elementor-section elementor-top-section elementor-element elementor-element-e5047e4 elementor-section-full_width elementor-section-stretched elementor-section-height-default elementor-section-height-default\" data-id=\"e5047e4\" data-element_type=\"section\" data-e-type=\"section\" data-settings=\"{&quot;stretch_section&quot;:&quot;section-stretched&quot;,&quot;background_background&quot;:&quot;classic&quot;}\">\n\t\t\t\t\t\t<div class=\"elementor-container elementor-column-gap-default\">\n\t\t\t\t\t<div class=\"elementor-column elementor-col-100 elementor-top-column elementor-element elementor-element-b054a04\" data-id=\"b054a04\" data-element_type=\"column\" data-e-type=\"column\">\n\t\t\t<div class=\"elementor-widget-wrap elementor-element-populated\">\n\t\t\t\t\t\t<div class=\"elementor-element elementor-element-0cafcc3 elementor-widget elementor-widget-text-editor\" data-id=\"0cafcc3\" data-element_type=\"widget\" data-e-type=\"widget\" data-widget_type=\"text-editor.default\">\n\t\t\t\t<div class=\"elementor-widget-container\">\n\t\t\t\t\t\t\t\t\t<p>7TH INTERNATIONAL CONFERENCE ON SYSTEMS ENGINEERING<\/p><p>\u2014<\/p><p>CIIS 2024<\/p>\t\t\t\t\t\t\t\t<\/div>\n\t\t\t\t<\/div>\n\t\t\t\t\t<\/div>\n\t\t<\/div>\n\t\t\t\t\t<\/div>\n\t\t<\/section>\n\t\t\t\t<section class=\"elementor-section elementor-top-section elementor-element elementor-element-774f321 elementor-section-boxed elementor-section-height-default elementor-section-height-default\" data-id=\"774f321\" data-element_type=\"section\" data-e-type=\"section\">\n\t\t\t\t\t\t<div class=\"elementor-container elementor-column-gap-default\">\n\t\t\t\t\t<div class=\"elementor-column elementor-col-100 elementor-top-column elementor-element elementor-element-bd47645\" data-id=\"bd47645\" data-element_type=\"column\" data-e-type=\"column\">\n\t\t\t<div class=\"elementor-widget-wrap elementor-element-populated\">\n\t\t\t\t\t\t<section class=\"elementor-section elementor-inner-section elementor-element elementor-element-1942578 elementor-section-boxed elementor-section-height-default elementor-section-height-default\" data-id=\"1942578\" data-element_type=\"section\" data-e-type=\"section\">\n\t\t\t\t\t\t<div class=\"elementor-container elementor-column-gap-default\">\n\t\t\t\t\t<div class=\"elementor-column elementor-col-100 elementor-inner-column elementor-element elementor-element-d442d23\" data-id=\"d442d23\" data-element_type=\"column\" data-e-type=\"column\">\n\t\t\t<div class=\"elementor-widget-wrap elementor-element-populated\">\n\t\t\t\t\t\t<div class=\"elementor-element elementor-element-27a2a5b elementor-widget elementor-widget-spacer\" data-id=\"27a2a5b\" data-element_type=\"widget\" data-e-type=\"widget\" data-widget_type=\"spacer.default\">\n\t\t\t\t<div class=\"elementor-widget-container\">\n\t\t\t\t\t\t\t<div class=\"elementor-spacer\">\n\t\t\t<div class=\"elementor-spacer-inner\"><\/div>\n\t\t<\/div>\n\t\t\t\t\t\t<\/div>\n\t\t\t\t<\/div>\n\t\t\t\t<div class=\"elementor-element elementor-element-b3f75cc elementor-widget elementor-widget-text-editor\" data-id=\"b3f75cc\" data-element_type=\"widget\" data-e-type=\"widget\" data-widget_type=\"text-editor.default\">\n\t\t\t\t<div class=\"elementor-widget-container\">\n\t\t\t\t\t\t\t\t\t<p class=\"rtin-title\">EXTENDED REALITY AND SERIOUS GAMES IN EDUCATION, COMPETITIVENESS AND WELLBEING<\/p>\t\t\t\t\t\t\t\t<\/div>\n\t\t\t\t<\/div>\n\t\t\t\t<div class=\"elementor-element elementor-element-7643e24 elementor-widget elementor-widget-text-editor\" data-id=\"7643e24\" data-element_type=\"widget\" data-e-type=\"widget\" data-widget_type=\"text-editor.default\">\n\t\t\t\t<div class=\"elementor-widget-container\">\n\t\t\t\t\t\t\t\t\t<p>The Systems Engineering Undergraduate Program at the University of Lima organizes and presents the 7th International Conference on Systems Engineering (CIIS 2024) entitled \u201cExtended Reality and Serious Games in Education, Competitiveness and Wellbeing.\u201d<\/p><p>CIIS 2024 will adopt a hybrid format and will be held on the campus of the University of Lima from October 28th to 30th, 2024. This edition of the conference will include a presentation forum and discussion about research focused on extended reality and serious games, keeping open the inclusion of papers relevant to the main core topics. Likewise, the presentations will address these topics from the approach of computer science, information systems, software engineering and information technologies. <em>software engineering<\/em> y las tecnolog\u00edas de la informaci\u00f3n.<\/p><p>In this edition, the conference will focus on extended reality (XR), a term that encompasses immersive technologies such as virtual reality (VR), augmented reality (AR) and mixed reality (MR), which superimposes a virtual layer on the real world, thus allowing digital and virtual objects such as audio, video and data to enrich our interaction with the environment through specialized devices. These experiences, inaccessible under normal conditions or due to resource limitations, become possible thanks to these advanced technologies. Furthermore, serious games stand out for their approach because, although they are designed and implemented according to traditional game design rules, their goal is the dissemination of knowledge, educational development and improvement of specific skills.<\/p><p>In addition to the characteristic presentations of the conference, we will be honored by the presence of prominent international speakers who will share their visions and perspective on the proposed topics.<\/p><p>It is important to note that the idioms of the conference are English and Spanish, ensuring a diverse and inclusive environment for all participants.<\/p><p>CIIS 2024 scientific committee cordially invites you to submit papers that offer innovative research proposals within the thematic areas of the conference.<\/p><p>We look forward to your participation and contributions!<\/p>\t\t\t\t\t\t\t\t<\/div>\n\t\t\t\t<\/div>\n\t\t\t\t\t<\/div>\n\t\t<\/div>\n\t\t\t\t\t<\/div>\n\t\t<\/section>\n\t\t\t\t\t<\/div>\n\t\t<\/div>\n\t\t\t\t\t<\/div>\n\t\t<\/section>\n\t\t\t\t<section class=\"elementor-section elementor-top-section elementor-element elementor-element-e151c7d elementor-section-boxed elementor-section-height-default elementor-section-height-default\" data-id=\"e151c7d\" data-element_type=\"section\" data-e-type=\"section\">\n\t\t\t\t\t\t<div class=\"elementor-container elementor-column-gap-default\">\n\t\t\t\t\t<div class=\"elementor-column elementor-col-100 elementor-top-column elementor-element elementor-element-d4317ae\" data-id=\"d4317ae\" data-element_type=\"column\" data-e-type=\"column\">\n\t\t\t<div class=\"elementor-widget-wrap elementor-element-populated\">\n\t\t\t\t\t\t<div class=\"elementor-element elementor-element-3715938 elementor-widget elementor-widget-heading\" data-id=\"3715938\" data-element_type=\"widget\" data-e-type=\"widget\" data-widget_type=\"heading.default\">\n\t\t\t\t<div class=\"elementor-widget-container\">\n\t\t\t\t\t<div class=\"elementor-heading-title elementor-size-small\">Proceedings<\/div>\t\t\t\t<\/div>\n\t\t\t\t<\/div>\n\t\t\t\t<div class=\"elementor-element elementor-element-bfb3beb elementor-widget elementor-widget-image\" data-id=\"bfb3beb\" data-element_type=\"widget\" data-e-type=\"widget\" data-widget_type=\"image.default\">\n\t\t\t\t<div class=\"elementor-widget-container\">\n\t\t\t\t\t\t\t\t\t\t\t\t\t\t\t<img decoding=\"async\" width=\"300\" height=\"83\" src=\"https:\/\/ciisdev.ulima.edu.pe\/wp-content\/uploads\/2024\/04\/springer-300x83.png\" class=\"attachment-medium size-medium wp-image-5822\" alt=\"\" srcset=\"https:\/\/ciisdev.ulima.edu.pe\/wp-content\/uploads\/2024\/04\/springer-300x83.png 300w, https:\/\/ciisdev.ulima.edu.pe\/wp-content\/uploads\/2024\/04\/springer-18x5.png 18w, https:\/\/ciisdev.ulima.edu.pe\/wp-content\/uploads\/2024\/04\/springer.png 380w\" sizes=\"(max-width: 300px) 100vw, 300px\" \/>\t\t\t\t\t\t\t\t\t\t\t\t\t\t\t<\/div>\n\t\t\t\t<\/div>\n\t\t\t\t<div class=\"elementor-element elementor-element-0e57cb0 elementor-widget elementor-widget-text-editor\" data-id=\"0e57cb0\" data-element_type=\"widget\" data-e-type=\"widget\" data-widget_type=\"text-editor.default\">\n\t\t\t\t<div class=\"elementor-widget-container\">\n\t\t\t\t\t\t\t\t\t<p>Published by Springer in a book of the <span style=\"color: #000080;\"><a style=\"color: #000080;\" href=\"https:\/\/www.springer.com\/series\/17396\" target=\"_blank\" rel=\"noopener\"><strong>ISEM series<\/strong><\/a><\/span><\/p>\t\t\t\t\t\t\t\t<\/div>\n\t\t\t\t<\/div>\n\t\t\t\t\t<\/div>\n\t\t<\/div>\n\t\t\t\t\t<\/div>\n\t\t<\/section>\n\t\t\t\t<section class=\"elementor-section elementor-top-section elementor-element elementor-element-53a084e elementor-hidden-desktop elementor-hidden-tablet elementor-hidden-mobile elementor-section-boxed elementor-section-height-default elementor-section-height-default\" data-id=\"53a084e\" data-element_type=\"section\" data-e-type=\"section\">\n\t\t\t\t\t\t<div class=\"elementor-container elementor-column-gap-default\">\n\t\t\t\t\t<div class=\"elementor-column elementor-col-100 elementor-top-column elementor-element elementor-element-d0f3d3a\" data-id=\"d0f3d3a\" data-element_type=\"column\" data-e-type=\"column\">\n\t\t\t<div class=\"elementor-widget-wrap elementor-element-populated\">\n\t\t\t\t\t\t<div class=\"elementor-element elementor-element-ce1545d elementor-widget elementor-widget-text-editor\" data-id=\"ce1545d\" data-element_type=\"widget\" data-e-type=\"widget\" data-widget_type=\"text-editor.default\">\n\t\t\t\t<div class=\"elementor-widget-container\">\n\t\t\t\t\t\t\t\t\t<h4 style=\"color:#ff5112;\">Organizing Committee<\/h4>\t\t\t\t\t\t\t\t<\/div>\n\t\t\t\t<\/div>\n\t\t\t\t\t<\/div>\n\t\t<\/div>\n\t\t\t\t\t<\/div>\n\t\t<\/section>\n\t\t\t\t<section class=\"elementor-section elementor-top-section elementor-element elementor-element-add4a52 elementor-hidden-desktop elementor-hidden-tablet elementor-hidden-mobile elementor-section-boxed elementor-section-height-default elementor-section-height-default\" data-id=\"add4a52\" data-element_type=\"section\" data-e-type=\"section\">\n\t\t\t\t\t\t<div class=\"elementor-container elementor-column-gap-default\">\n\t\t\t\t\t<div class=\"elementor-column elementor-col-100 elementor-top-column elementor-element elementor-element-695e301\" data-id=\"695e301\" data-element_type=\"column\" data-e-type=\"column\">\n\t\t\t<div class=\"elementor-widget-wrap elementor-element-populated\">\n\t\t\t\t\t\t<div class=\"elementor-element elementor-element-d7540af elementor-widget elementor-widget-text-editor\" data-id=\"d7540af\" data-element_type=\"widget\" data-e-type=\"widget\" data-widget_type=\"text-editor.default\">\n\t\t\t\t<div class=\"elementor-widget-container\">\n\t\t\t\t\t\t\t\t\t<p><strong>Nadia Rodr\u00edguez Rodr\u00edguez<\/strong><br>\nDirector of the Systems Engineering Undergraduate Program\n\n<\/p>\t\t\t\t\t\t\t\t<\/div>\n\t\t\t\t<\/div>\n\t\t\t\t\t<\/div>\n\t\t<\/div>\n\t\t\t\t\t<\/div>\n\t\t<\/section>\n\t\t\t\t<section class=\"elementor-section elementor-top-section elementor-element elementor-element-dcd1f2c elementor-hidden-mobile elementor-hidden-desktop elementor-hidden-tablet elementor-section-boxed elementor-section-height-default elementor-section-height-default\" data-id=\"dcd1f2c\" data-element_type=\"section\" data-e-type=\"section\">\n\t\t\t\t\t\t<div class=\"elementor-container elementor-column-gap-default\">\n\t\t\t\t\t<div class=\"elementor-column elementor-col-100 elementor-top-column elementor-element elementor-element-38a2c2d\" data-id=\"38a2c2d\" data-element_type=\"column\" data-e-type=\"column\">\n\t\t\t<div class=\"elementor-widget-wrap elementor-element-populated\">\n\t\t\t\t\t\t<div class=\"elementor-element elementor-element-68b8991 elementor-widget elementor-widget-text-editor\" data-id=\"68b8991\" data-element_type=\"widget\" data-e-type=\"widget\" data-widget_type=\"text-editor.default\">\n\t\t\t\t<div class=\"elementor-widget-container\">\n\t\t\t\t\t\t\t\t\t<h4>REVIEWERS<\/h4>\t\t\t\t\t\t\t\t<\/div>\n\t\t\t\t<\/div>\n\t\t\t\t\t<\/div>\n\t\t<\/div>\n\t\t\t\t\t<\/div>\n\t\t<\/section>\n\t\t\t\t<section class=\"elementor-section elementor-top-section elementor-element elementor-element-cd038d5 elementor-reverse-tablet elementor-reverse-mobile elementor-hidden-mobile elementor-hidden-desktop elementor-hidden-tablet elementor-section-boxed elementor-section-height-default elementor-section-height-default\" data-id=\"cd038d5\" data-element_type=\"section\" data-e-type=\"section\">\n\t\t\t\t\t\t<div class=\"elementor-container elementor-column-gap-default\">\n\t\t\t\t\t<div class=\"elementor-column elementor-col-50 elementor-top-column elementor-element elementor-element-ce201f6\" data-id=\"ce201f6\" data-element_type=\"column\" data-e-type=\"column\">\n\t\t\t<div class=\"elementor-widget-wrap elementor-element-populated\">\n\t\t\t\t\t\t<div class=\"elementor-element elementor-element-9f62933 elementor-widget elementor-widget-text-editor\" data-id=\"9f62933\" data-element_type=\"widget\" data-e-type=\"widget\" data-widget_type=\"text-editor.default\">\n\t\t\t\t<div class=\"elementor-widget-container\">\n\t\t\t\t\t\t\t\t\t<p>Nelly Condori-Fernandez<br \/>Denisse Mu\u00f1ante<br \/>Jos\u00e9 Castillo<br \/>Edwin Escobedo<br \/>Lourdes Ram\u00edrez<br \/>Michael Dorin<br \/>C\u00e9sar Beltr\u00e1n<br \/>Elizabeth Vidal<br \/>Cristian L\u00f3pez<br \/>Juan Carlos Guti\u00e9rrez-C\u00e1ceres<br \/>Alvaro Talavera<br \/>Carlos Alario<br \/>Victor Ayma<br \/>\u00d3scar Ramos<br \/>Guillermo D\u00e1vila<br \/>Paul Quir\u00f3z<br \/>Franci Suni<br \/>Raul D\u00edaz Parra<br \/>Juan Guti\u00e9rrez C\u00e1rdenas<\/p>\t\t\t\t\t\t\t\t<\/div>\n\t\t\t\t<\/div>\n\t\t\t\t\t<\/div>\n\t\t<\/div>\n\t\t\t\t<div class=\"elementor-column elementor-col-50 elementor-top-column elementor-element elementor-element-93b59f8\" data-id=\"93b59f8\" data-element_type=\"column\" data-e-type=\"column\">\n\t\t\t<div class=\"elementor-widget-wrap elementor-element-populated\">\n\t\t\t\t\t\t<div class=\"elementor-element elementor-element-32977e7 elementor-widget elementor-widget-text-editor\" data-id=\"32977e7\" data-element_type=\"widget\" data-e-type=\"widget\" data-widget_type=\"text-editor.default\">\n\t\t\t\t<div class=\"elementor-widget-container\">\n\t\t\t\t\t\t\t\t\t<p>Hugo Alatrista<br \/>Dennis Barrios<br \/>Patricia Castillo<br \/>Matheus Fernando-Moro<br \/>David Jhon<br \/>Carlos Mugruza<br \/>Marco Sotelo<br \/>Yv\u00e1n T\u00fapac<br \/>Markus Mock<br \/>Shruti Goel<br \/>Juan Antonio Lossio-Ventura<br \/>Regina Ticona<br \/>Miriam Amable<br \/>Jos\u00e9 Caballero<br \/>Jos\u00e9 Valdivia<br \/>Hern\u00e1n Nina<br \/>Daniel C\u00e1rdenas<br \/>Hern\u00e1n Quintana<br \/>Jose Diaz<br \/>Carlos Torres Paredes<\/p>\t\t\t\t\t\t\t\t<\/div>\n\t\t\t\t<\/div>\n\t\t\t\t\t<\/div>\n\t\t<\/div>\n\t\t\t\t\t<\/div>\n\t\t<\/section>\n\t\t\t\t<section class=\"elementor-section elementor-top-section elementor-element elementor-element-d23dcba elementor-hidden-desktop elementor-hidden-tablet elementor-hidden-mobile elementor-section-boxed elementor-section-height-default elementor-section-height-default\" data-id=\"d23dcba\" data-element_type=\"section\" data-e-type=\"section\">\n\t\t\t\t\t\t<div class=\"elementor-container elementor-column-gap-default\">\n\t\t\t\t\t<div class=\"elementor-column elementor-col-100 elementor-top-column elementor-element elementor-element-45d032b\" data-id=\"45d032b\" data-element_type=\"column\" data-e-type=\"column\">\n\t\t\t<div class=\"elementor-widget-wrap elementor-element-populated\">\n\t\t\t\t\t\t<div class=\"elementor-element elementor-element-1387784 elementor-widget elementor-widget-text-editor\" data-id=\"1387784\" data-element_type=\"widget\" data-e-type=\"widget\" data-widget_type=\"text-editor.default\">\n\t\t\t\t<div class=\"elementor-widget-container\">\n\t\t\t\t\t\t\t\t\t<p><strong>\nJuan Guti\u00e9rrez Cardenas <br><br>\nCarlos Torres Paredes<br><br>\nDaniel C\u00e1rdenas Salas<br><br>\nAndrea Matuk Chijner<br><br>\nPablo Rojas Ja\u00e9n<br><br>\nHern\u00e1n Nina Hanco<br><br>\nJos\u00e9 Caballero Ortiz<br><br>\nRosario Guzm\u00e1n Jim\u00e9nez<br><br>\nPaola Vasquez Amat Le\u00f3n<br><br>\nV\u00edctor Hugo Ayma Quirita<br><br>\nHern\u00e1n Quintana Cruz<br><br>\n<\/strong><\/p>\t\t\t\t\t\t\t\t<\/div>\n\t\t\t\t<\/div>\n\t\t\t\t\t<\/div>\n\t\t<\/div>\n\t\t\t\t\t<\/div>\n\t\t<\/section>\n\t\t\t\t<\/div>","protected":false},"excerpt":{"rendered":"<p>VII CONGRESO INTERNACIONAL DE INGENIER\u00cdA DE SISTEMAS \u2014 CIIS 2024 REALIDAD EXTENDIDA Y JUEGOS SERIOS PARA LA EDUCACI\u00d3N, COMPETITIVIDAD Y BIENESTAR La Carrera de Ingenier\u00eda de Sistemas de la Universidad de Lima organiza y presenta el VII Congreso Internacional de Ingenier\u00eda de Sistemas (CIIS 2024) \u201cRealidad extendida y juegos serios para la educaci\u00f3n, la competitividad&#8230;<\/p>","protected":false},"author":1,"featured_media":0,"parent":0,"menu_order":0,"comment_status":"closed","ping_status":"closed","template":"","meta":{"om_disable_all_campaigns":false,"footnotes":""},"class_list":["post-496","page","type-page","status-publish","hentry"],"_links":{"self":[{"href":"https:\/\/ciisdev.ulima.edu.pe\/en\/wp-json\/wp\/v2\/pages\/496","targetHints":{"allow":["GET"]}}],"collection":[{"href":"https:\/\/ciisdev.ulima.edu.pe\/en\/wp-json\/wp\/v2\/pages"}],"about":[{"href":"https:\/\/ciisdev.ulima.edu.pe\/en\/wp-json\/wp\/v2\/types\/page"}],"author":[{"embeddable":true,"href":"https:\/\/ciisdev.ulima.edu.pe\/en\/wp-json\/wp\/v2\/users\/1"}],"replies":[{"embeddable":true,"href":"https:\/\/ciisdev.ulima.edu.pe\/en\/wp-json\/wp\/v2\/comments?post=496"}],"version-history":[{"count":223,"href":"https:\/\/ciisdev.ulima.edu.pe\/en\/wp-json\/wp\/v2\/pages\/496\/revisions"}],"predecessor-version":[{"id":5902,"href":"https:\/\/ciisdev.ulima.edu.pe\/en\/wp-json\/wp\/v2\/pages\/496\/revisions\/5902"}],"wp:attachment":[{"href":"https:\/\/ciisdev.ulima.edu.pe\/en\/wp-json\/wp\/v2\/media?parent=496"}],"curies":[{"name":"wp","href":"https:\/\/api.w.org\/{rel}","templated":true}]}}