{"id":1153,"date":"2018-07-02T07:57:59","date_gmt":"2018-07-02T07:57:59","guid":{"rendered":"https:\/\/radiustheme.com\/demo\/wordpress\/eventalk\/?page_id=1153"},"modified":"2022-04-21T14:00:59","modified_gmt":"2022-04-21T14:00:59","slug":"ciis-2019","status":"publish","type":"page","link":"https:\/\/ciisdev.ulima.edu.pe\/en\/ciis-2019\/","title":{"rendered":"CIIS 2019"},"content":{"rendered":"<div data-elementor-type=\"wp-post\" data-elementor-id=\"1153\" class=\"elementor elementor-1153\">\n\t\t\t\t\t\t<section class=\"elementor-section elementor-top-section elementor-element elementor-element-560ffdc elementor-section-full_width elementor-section-stretched elementor-section-height-default elementor-section-height-default\" data-id=\"560ffdc\" data-element_type=\"section\" data-e-type=\"section\" data-settings=\"{&quot;stretch_section&quot;:&quot;section-stretched&quot;,&quot;background_background&quot;:&quot;classic&quot;}\">\n\t\t\t\t\t\t<div class=\"elementor-container elementor-column-gap-default\">\n\t\t\t\t\t<div class=\"elementor-column elementor-col-100 elementor-top-column elementor-element elementor-element-35f7d4e\" data-id=\"35f7d4e\" data-element_type=\"column\" data-e-type=\"column\">\n\t\t\t<div class=\"elementor-widget-wrap elementor-element-populated\">\n\t\t\t\t\t\t<div class=\"elementor-element elementor-element-772bc42 elementor-widget elementor-widget-spacer\" data-id=\"772bc42\" data-element_type=\"widget\" data-e-type=\"widget\" data-widget_type=\"spacer.default\">\n\t\t\t\t<div class=\"elementor-widget-container\">\n\t\t\t\t\t\t\t<div class=\"elementor-spacer\">\n\t\t\t<div class=\"elementor-spacer-inner\"><\/div>\n\t\t<\/div>\n\t\t\t\t\t\t<\/div>\n\t\t\t\t<\/div>\n\t\t\t\t\t<\/div>\n\t\t<\/div>\n\t\t\t\t\t<\/div>\n\t\t<\/section>\n\t\t\t\t<section class=\"elementor-section elementor-top-section elementor-element elementor-element-a9c9f60 elementor-section-boxed elementor-section-height-default elementor-section-height-default\" data-id=\"a9c9f60\" data-element_type=\"section\" data-e-type=\"section\">\n\t\t\t\t\t\t<div class=\"elementor-container elementor-column-gap-default\">\n\t\t\t\t\t<div class=\"elementor-column elementor-col-100 elementor-top-column elementor-element elementor-element-752eba9\" data-id=\"752eba9\" data-element_type=\"column\" data-e-type=\"column\">\n\t\t\t<div class=\"elementor-widget-wrap elementor-element-populated\">\n\t\t\t\t\t\t<section class=\"elementor-section elementor-inner-section elementor-element elementor-element-ff92684 elementor-section-boxed elementor-section-height-default elementor-section-height-default\" data-id=\"ff92684\" data-element_type=\"section\" data-e-type=\"section\">\n\t\t\t\t\t\t<div class=\"elementor-container elementor-column-gap-default\">\n\t\t\t\t\t<div class=\"elementor-column elementor-col-100 elementor-inner-column elementor-element elementor-element-046b6b1\" data-id=\"046b6b1\" data-element_type=\"column\" data-e-type=\"column\">\n\t\t\t<div class=\"elementor-widget-wrap elementor-element-populated\">\n\t\t\t\t\t\t<div class=\"elementor-element elementor-element-cd48cc6 elementor-widget elementor-widget-heading\" data-id=\"cd48cc6\" data-element_type=\"widget\" data-e-type=\"widget\" data-widget_type=\"heading.default\">\n\t\t\t\t<div class=\"elementor-widget-container\">\n\t\t\t\t\t<h2 class=\"elementor-heading-title elementor-size-default\">INNOVATING EDUCATION IN TECHNOLOGY<\/h2>\t\t\t\t<\/div>\n\t\t\t\t<\/div>\n\t\t\t\t\t<\/div>\n\t\t<\/div>\n\t\t\t\t\t<\/div>\n\t\t<\/section>\n\t\t\t\t<section class=\"elementor-section elementor-inner-section elementor-element elementor-element-26b1f65 elementor-section-boxed elementor-section-height-default elementor-section-height-default\" data-id=\"26b1f65\" data-element_type=\"section\" data-e-type=\"section\">\n\t\t\t\t\t\t<div class=\"elementor-container elementor-column-gap-default\">\n\t\t\t\t\t<div class=\"elementor-column elementor-col-100 elementor-inner-column elementor-element elementor-element-f3b2d71\" data-id=\"f3b2d71\" data-element_type=\"column\" data-e-type=\"column\">\n\t\t\t<div class=\"elementor-widget-wrap elementor-element-populated\">\n\t\t\t\t\t\t<div class=\"elementor-element elementor-element-3b71e0a elementor-align-center elementor-widget elementor-widget-button\" data-id=\"3b71e0a\" data-element_type=\"widget\" data-e-type=\"widget\" data-widget_type=\"button.default\">\n\t\t\t\t<div class=\"elementor-widget-container\">\n\t\t\t\t\t\t\t\t\t<div class=\"elementor-button-wrapper\">\n\t\t\t\t\t<a class=\"elementor-button elementor-button-link elementor-size-sm\" href=\"https:\/\/revistas.ulima.edu.pe\/index.php\/CIIS\/issue\/view\/327\">\n\t\t\t\t\t\t<span class=\"elementor-button-content-wrapper\">\n\t\t\t\t\t\t\t\t\t<span class=\"elementor-button-text\">CIIS 2019 PROCEEDINGS<\/span>\n\t\t\t\t\t<\/span>\n\t\t\t\t\t<\/a>\n\t\t\t\t<\/div>\n\t\t\t\t\t\t\t\t<\/div>\n\t\t\t\t<\/div>\n\t\t\t\t\t<\/div>\n\t\t<\/div>\n\t\t\t\t\t<\/div>\n\t\t<\/section>\n\t\t\t\t\t<\/div>\n\t\t<\/div>\n\t\t\t\t\t<\/div>\n\t\t<\/section>\n\t\t\t\t<section class=\"elementor-section elementor-top-section elementor-element elementor-element-26cb227 elementor-section-stretched elementor-section-boxed elementor-section-height-default elementor-section-height-default\" data-id=\"26cb227\" data-element_type=\"section\" data-e-type=\"section\" data-settings=\"{&quot;stretch_section&quot;:&quot;section-stretched&quot;}\">\n\t\t\t\t\t\t\t<div class=\"elementor-background-overlay\"><\/div>\n\t\t\t\t\t\t\t<div class=\"elementor-container elementor-column-gap-default\">\n\t\t\t\t\t<div class=\"elementor-column elementor-col-100 elementor-top-column elementor-element elementor-element-fd99785\" data-id=\"fd99785\" data-element_type=\"column\" data-e-type=\"column\">\n\t\t\t<div class=\"elementor-widget-wrap elementor-element-populated\">\n\t\t\t\t\t\t<section class=\"elementor-section elementor-inner-section elementor-element elementor-element-e497861 elementor-section-boxed elementor-section-height-default elementor-section-height-default\" data-id=\"e497861\" data-element_type=\"section\" data-e-type=\"section\">\n\t\t\t\t\t\t<div class=\"elementor-container elementor-column-gap-default\">\n\t\t\t\t\t<div class=\"elementor-column elementor-col-100 elementor-inner-column elementor-element elementor-element-f5db0ae\" data-id=\"f5db0ae\" data-element_type=\"column\" data-e-type=\"column\">\n\t\t\t<div class=\"elementor-widget-wrap\">\n\t\t\t\t\t\t\t<\/div>\n\t\t<\/div>\n\t\t\t\t\t<\/div>\n\t\t<\/section>\n\t\t\t\t<div class=\"elementor-element elementor-element-45a2de5 elementor-widget elementor-widget-video\" data-id=\"45a2de5\" data-element_type=\"widget\" data-e-type=\"widget\" data-settings=\"{&quot;youtube_url&quot;:&quot;https:\\\/\\\/youtu.be\\\/i8jYaMVK3Zc&quot;,&quot;video_type&quot;:&quot;youtube&quot;,&quot;controls&quot;:&quot;yes&quot;}\" data-widget_type=\"video.default\">\n\t\t\t\t<div class=\"elementor-widget-container\">\n\t\t\t\t\t\t\t<div class=\"elementor-wrapper elementor-open-inline\">\n\t\t\t<div class=\"elementor-video\"><\/div>\t\t<\/div>\n\t\t\t\t\t\t<\/div>\n\t\t\t\t<\/div>\n\t\t\t\t\t<\/div>\n\t\t<\/div>\n\t\t\t\t\t<\/div>\n\t\t<\/section>\n\t\t\t\t<section class=\"elementor-section elementor-top-section elementor-element elementor-element-9d30caa elementor-section-boxed elementor-section-height-default elementor-section-height-default\" data-id=\"9d30caa\" data-element_type=\"section\" data-e-type=\"section\">\n\t\t\t\t\t\t<div class=\"elementor-container elementor-column-gap-default\">\n\t\t\t\t\t<div class=\"elementor-column elementor-col-100 elementor-top-column elementor-element elementor-element-7030256\" data-id=\"7030256\" data-element_type=\"column\" data-e-type=\"column\">\n\t\t\t<div class=\"elementor-widget-wrap elementor-element-populated\">\n\t\t\t\t\t\t<div class=\"elementor-element elementor-element-39a5a9a elementor-widget elementor-widget-heading\" data-id=\"39a5a9a\" data-element_type=\"widget\" data-e-type=\"widget\" data-widget_type=\"heading.default\">\n\t\t\t\t<div class=\"elementor-widget-container\">\n\t\t\t\t\t<h2 class=\"elementor-heading-title elementor-size-default\">SPEAKERS<\/h2>\t\t\t\t<\/div>\n\t\t\t\t<\/div>\n\t\t\t\t\t<\/div>\n\t\t<\/div>\n\t\t\t\t\t<\/div>\n\t\t<\/section>\n\t\t\t\t<section class=\"elementor-section elementor-top-section elementor-element elementor-element-42962bd elementor-section-boxed elementor-section-height-default elementor-section-height-default\" data-id=\"42962bd\" data-element_type=\"section\" data-e-type=\"section\">\n\t\t\t\t\t\t<div class=\"elementor-container elementor-column-gap-default\">\n\t\t\t\t\t<div class=\"elementor-column elementor-col-100 elementor-top-column elementor-element elementor-element-8682847\" data-id=\"8682847\" data-element_type=\"column\" data-e-type=\"column\">\n\t\t\t<div class=\"elementor-widget-wrap elementor-element-populated\">\n\t\t\t\t\t\t<div class=\"elementor-element elementor-element-7c74af7 elementor-widget elementor-widget-rt-speaker-grid\" data-id=\"7c74af7\" data-element_type=\"widget\" data-e-type=\"widget\" data-widget_type=\"rt-speaker-grid.default\">\n\t\t\t\t<div class=\"elementor-widget-container\">\n\t\t\t\t\t<div class=\"rt-el-speaker-grid-3 row\">\r\n\t\t\t\t\t\t\t\t\t\t\t\t\t\r\n\t\t\t\t<div class=\"rtin-item col-lg-3 col-md-3 col-sm-4 col-12 speaker-block\">\r\n\t\t\t\t\t<div class=\"speaker-layout5 rtactive grad-overlay\">                        \r\n\t\t\t\t\t    <img fetchpriority=\"high\" decoding=\"async\" width=\"281\" height=\"305\" src=\"https:\/\/ciisdev.ulima.edu.pe\/wp-content\/uploads\/2022\/04\/ElviraRincon-281x305.jpeg\" class=\"attachment-eventalk-size10 size-eventalk-size10 wp-post-image\" alt=\"\" \/>                        <div class=\"item-title\">\r\n                            <h3 class=\"title title-medium color-light hover-yellow size-md\">\r\n                              \t\t\t\t           \t\t\t<a href=\"https:\/\/ciisdev.ulima.edu.pe\/en\/speakers\/elvira-rincon\/\">ELVIRA RINC\u00d3N<\/a>\r\n\t\t\t\t           \t\t\t\t\t           \t                            <\/h3>\r\n\t\t\t\t\t\t\t\t\t\t\t\t\t\t<div class=\"text-left size-md secondaryColor\">Mexico<\/div>\r\n\t\t\t\t\t\t\t                       \r\n                       \r\n                        <\/div>\r\n                                             <\/div>\r\n\t\t\t\t<\/div>\t\t\t\t\r\n\t\t\t\t\t\t\t\t\t\t\t\r\n\t\t\t\t<div class=\"rtin-item col-lg-3 col-md-3 col-sm-4 col-12 speaker-block\">\r\n\t\t\t\t\t<div class=\"speaker-layout5 rtactive grad-overlay\">                        \r\n\t\t\t\t\t    <img decoding=\"async\" width=\"281\" height=\"305\" src=\"https:\/\/ciisdev.ulima.edu.pe\/wp-content\/uploads\/2022\/04\/RussellMcMahon295x305-281x305.jpeg\" class=\"attachment-eventalk-size10 size-eventalk-size10 wp-post-image\" alt=\"\" \/>                        <div class=\"item-title\">\r\n                            <h3 class=\"title title-medium color-light hover-yellow size-md\">\r\n                              \t\t\t\t           \t\t\t<a href=\"https:\/\/ciisdev.ulima.edu.pe\/en\/speakers\/russell-mcmahon\/\">RUSSELL MCMAHON<\/a>\r\n\t\t\t\t           \t\t\t\t\t           \t                            <\/h3>\r\n\t\t\t\t\t\t\t\t\t\t\t\t\t\t<div class=\"text-left size-md secondaryColor\">USA<\/div>\r\n\t\t\t\t\t\t\t                       \r\n                       \r\n                        <\/div>\r\n                                             <\/div>\r\n\t\t\t\t<\/div>\t\t\t\t\r\n\t\t\t\t\t\t\t\t\t\t\t\r\n\t\t\t\t<div class=\"rtin-item col-lg-3 col-md-3 col-sm-4 col-12 speaker-block\">\r\n\t\t\t\t\t<div class=\"speaker-layout5 rtactive grad-overlay\">                        \r\n\t\t\t\t\t    <img decoding=\"async\" width=\"281\" height=\"295\" src=\"https:\/\/ciisdev.ulima.edu.pe\/wp-content\/uploads\/2022\/04\/Jens-Moenig-295x295-1-281x295.png\" class=\"attachment-eventalk-size10 size-eventalk-size10 wp-post-image\" alt=\"\" \/>                        <div class=\"item-title\">\r\n                            <h3 class=\"title title-medium color-light hover-yellow size-md\">\r\n                              \t\t\t\t           \t\t\t<a href=\"https:\/\/ciisdev.ulima.edu.pe\/en\/speakers\/jens-monig\/\">JENS M\u00d6NIG<\/a>\r\n\t\t\t\t           \t\t\t\t\t           \t                            <\/h3>\r\n\t\t\t\t\t\t\t\t\t\t\t\t\t\t<div class=\"text-left size-md secondaryColor\">Germany<\/div>\r\n\t\t\t\t\t\t\t                       \r\n                       \r\n                        <\/div>\r\n                                             <\/div>\r\n\t\t\t\t<\/div>\t\t\t\t\r\n\t\t\t\t\t\t\t\t\t\t\t\r\n\t\t\t\t<div class=\"rtin-item col-lg-3 col-md-3 col-sm-4 col-12 speaker-block\">\r\n\t\t\t\t\t<div class=\"speaker-layout5 rtactive grad-overlay\">                        \r\n\t\t\t\t\t    <img loading=\"lazy\" decoding=\"async\" width=\"281\" height=\"305\" src=\"https:\/\/ciisdev.ulima.edu.pe\/wp-content\/uploads\/2022\/04\/CarlosAlario-281x305.jpeg\" class=\"attachment-eventalk-size10 size-eventalk-size10 wp-post-image\" alt=\"\" \/>                        <div class=\"item-title\">\r\n                            <h3 class=\"title title-medium color-light hover-yellow size-md\">\r\n                              \t\t\t\t           \t\t\t<a href=\"https:\/\/ciisdev.ulima.edu.pe\/en\/speakers\/carlos-alario-hoyos\/\">CARLOS ALARIO HOYOS<\/a>\r\n\t\t\t\t           \t\t\t\t\t           \t                            <\/h3>\r\n\t\t\t\t\t\t\t\t\t\t\t\t\t\t<div class=\"text-left size-md secondaryColor\">Spain<\/div>\r\n\t\t\t\t\t\t\t                       \r\n                       \r\n                        <\/div>\r\n                                             <\/div>\r\n\t\t\t\t<\/div>\t\t\t\t\r\n\t\t\t\t\t\t\t\t<\/div>\t\t\t\t<\/div>\n\t\t\t\t<\/div>\n\t\t\t\t\t<\/div>\n\t\t<\/div>\n\t\t\t\t\t<\/div>\n\t\t<\/section>\n\t\t\t\t<section class=\"elementor-section elementor-top-section elementor-element elementor-element-12a27cc elementor-section-boxed elementor-section-height-default elementor-section-height-default\" data-id=\"12a27cc\" data-element_type=\"section\" data-e-type=\"section\">\n\t\t\t\t\t\t<div class=\"elementor-container elementor-column-gap-default\">\n\t\t\t\t\t<div class=\"elementor-column elementor-col-100 elementor-top-column elementor-element elementor-element-e5cb1e9\" data-id=\"e5cb1e9\" data-element_type=\"column\" data-e-type=\"column\">\n\t\t\t<div class=\"elementor-widget-wrap elementor-element-populated\">\n\t\t\t\t\t\t<div class=\"elementor-element elementor-element-386c9b9 elementor-widget elementor-widget-heading\" data-id=\"386c9b9\" data-element_type=\"widget\" data-e-type=\"widget\" data-widget_type=\"heading.default\">\n\t\t\t\t<div class=\"elementor-widget-container\">\n\t\t\t\t\t<h2 class=\"elementor-heading-title elementor-size-default\">PROGRAM<\/h2>\t\t\t\t<\/div>\n\t\t\t\t<\/div>\n\t\t\t\t\t<\/div>\n\t\t<\/div>\n\t\t\t\t\t<\/div>\n\t\t<\/section>\n\t\t\t\t<section class=\"elementor-section elementor-top-section elementor-element elementor-element-4252681 elementor-section-boxed elementor-section-height-default elementor-section-height-default\" data-id=\"4252681\" data-element_type=\"section\" data-e-type=\"section\">\n\t\t\t\t\t\t<div class=\"elementor-container elementor-column-gap-default\">\n\t\t\t\t\t<div class=\"elementor-column elementor-col-100 elementor-top-column elementor-element elementor-element-5cc6067\" data-id=\"5cc6067\" data-element_type=\"column\" data-e-type=\"column\">\n\t\t\t<div class=\"elementor-widget-wrap elementor-element-populated\">\n\t\t\t\t\t\t<div class=\"elementor-element elementor-element-1f03eed elementor-widget elementor-widget-image\" data-id=\"1f03eed\" data-element_type=\"widget\" data-e-type=\"widget\" data-widget_type=\"image.default\">\n\t\t\t\t<div class=\"elementor-widget-container\">\n\t\t\t\t\t\t\t\t\t\t\t\t\t\t\t<img decoding=\"async\" src=\"https:\/\/ciisdev.ulima.edu.pe\/wp-content\/uploads\/elementor\/thumbs\/programa-ciis-2019-1-scaled-q6px5xxh5c4oqpbtx5tqkut1bg6tac8w7w05p5tyts.jpeg\" title=\"programa ciis 2019 1\" alt=\"programa ciis 2019 1\" loading=\"lazy\" \/>\t\t\t\t\t\t\t\t\t\t\t\t\t\t\t<\/div>\n\t\t\t\t<\/div>\n\t\t\t\t\t<\/div>\n\t\t<\/div>\n\t\t\t\t\t<\/div>\n\t\t<\/section>\n\t\t\t\t<section class=\"elementor-section elementor-top-section elementor-element elementor-element-9ceacdb elementor-section-boxed elementor-section-height-default elementor-section-height-default\" data-id=\"9ceacdb\" data-element_type=\"section\" data-e-type=\"section\">\n\t\t\t\t\t\t<div class=\"elementor-container elementor-column-gap-default\">\n\t\t\t\t\t<div class=\"elementor-column elementor-col-100 elementor-top-column elementor-element elementor-element-df03599\" data-id=\"df03599\" data-element_type=\"column\" data-e-type=\"column\">\n\t\t\t<div class=\"elementor-widget-wrap elementor-element-populated\">\n\t\t\t\t\t\t<div class=\"elementor-element elementor-element-a7e18c0 elementor-widget elementor-widget-image\" data-id=\"a7e18c0\" data-element_type=\"widget\" data-e-type=\"widget\" data-widget_type=\"image.default\">\n\t\t\t\t<div class=\"elementor-widget-container\">\n\t\t\t\t\t\t\t\t\t\t\t\t\t\t\t<img decoding=\"async\" src=\"https:\/\/ciisdev.ulima.edu.pe\/wp-content\/uploads\/elementor\/thumbs\/programa-ciis-2019-2-scaled-q6px5wzmyi3ef3d72nf40d1kq2bg2n55vrco7vvd00.jpeg\" title=\"programa ciis 2019 2\" alt=\"programa ciis 2019 2\" loading=\"lazy\" \/>\t\t\t\t\t\t\t\t\t\t\t\t\t\t\t<\/div>\n\t\t\t\t<\/div>\n\t\t\t\t\t<\/div>\n\t\t<\/div>\n\t\t\t\t\t<\/div>\n\t\t<\/section>\n\t\t\t\t<\/div>","protected":false},"excerpt":{"rendered":"<p>INNOVANDO LA EDUCACI\u00d3N EN TECNOLOG\u00cdA LIBRO DE ACTAS CIIS 2019 EXPOSITORES ELVIRA RINC\u00d3N RUSSELL MCMAHON JENS M\u00d6NIG CARLOS ALARIO HOYOS PROGRAMA<\/p>","protected":false},"author":1,"featured_media":0,"parent":0,"menu_order":0,"comment_status":"closed","ping_status":"closed","template":"","meta":{"om_disable_all_campaigns":false,"footnotes":""},"class_list":["post-1153","page","type-page","status-publish","hentry"],"_links":{"self":[{"href":"https:\/\/ciisdev.ulima.edu.pe\/en\/wp-json\/wp\/v2\/pages\/1153","targetHints":{"allow":["GET"]}}],"collection":[{"href":"https:\/\/ciisdev.ulima.edu.pe\/en\/wp-json\/wp\/v2\/pages"}],"about":[{"href":"https:\/\/ciisdev.ulima.edu.pe\/en\/wp-json\/wp\/v2\/types\/page"}],"author":[{"embeddable":true,"href":"https:\/\/ciisdev.ulima.edu.pe\/en\/wp-json\/wp\/v2\/users\/1"}],"replies":[{"embeddable":true,"href":"https:\/\/ciisdev.ulima.edu.pe\/en\/wp-json\/wp\/v2\/comments?post=1153"}],"version-history":[{"count":51,"href":"https:\/\/ciisdev.ulima.edu.pe\/en\/wp-json\/wp\/v2\/pages\/1153\/revisions"}],"predecessor-version":[{"id":3759,"href":"https:\/\/ciisdev.ulima.edu.pe\/en\/wp-json\/wp\/v2\/pages\/1153\/revisions\/3759"}],"wp:attachment":[{"href":"https:\/\/ciisdev.ulima.edu.pe\/en\/wp-json\/wp\/v2\/media?parent=1153"}],"curies":[{"name":"wp","href":"https:\/\/api.w.org\/{rel}","templated":true}]}}